{"id":1142,"date":"2024-04-23T16:53:18","date_gmt":"2024-04-23T14:53:18","guid":{"rendered":"https:\/\/uusteenus.njordlaw.ee\/?page_id=1142"},"modified":"2025-01-07T13:06:28","modified_gmt":"2025-01-07T11:06:28","slug":"oigusabilepingu-uldtingimused","status":"publish","type":"page","link":"https:\/\/uusteenus.njordlaw.ee\/en\/oigusabilepingu-uldtingimused\/","title":{"rendered":"General Terms and Conditions"},"content":{"rendered":"<h1 class=\"wp-block-heading\">General Terms and Conditions<\/h1>\n\n\n\n<p>These general terms and conditions shall apply to any assignment undertaken by NJORD Law Firm (NJORD Advokaadib\u00fcroo O\u00dc) (Tallinn, Estonia), unless otherwise agreed upon in writing.<\/p>\n\n\n\n<p><a href=\"https:\/\/www.njordlaw.com\/sites\/default\/files\/docs\/2023-12\/general-terms-and-conditions-used-by-njord-law-firm-2024.pdf\" target=\"_blank\" rel=\"noreferrer noopener\">GENERAL TERMS AND CONDITIONS 2024<\/a><\/p>\n\n\n\n<p><a href=\"https:\/\/www.njordlaw.com\/sites\/default\/files\/docs\/2022-11\/general-terms-and-conditions-used-by-njord-law-firm-2023.pdf\" target=\"_blank\" rel=\"noreferrer noopener\">GENERAL TERMS AND CONDITIONS 2023<\/a><\/p>","protected":false},"excerpt":{"rendered":"<p>\u00d5igusabilepingu \u00dcldtingimused Antud \u00fcldtingimused kehtivad k\u00f5ikide NJORD Advokaadib\u00fcroo poolt vastuv\u00f5etud t\u00f6\u00f6\u00fclesannete puhul (Tallinn, Eesti), v\u00e4lja arvatud juhul, kui pooled on kokku leppinud teisiti. \u00d5IGUSABILEPINGU \u00dcLDTINGIMUSED 2024 \u00d5IGUSABILEPINGU \u00dcLDTINGIMUSED 2023<\/p>","protected":false},"author":2,"featured_media":0,"parent":0,"menu_order":0,"comment_status":"closed","ping_status":"closed","template":"","meta":{"_acf_changed":false,"_seopress_robots_primary_cat":"","_seopress_titles_title":"","_seopress_titles_desc":"","_seopress_robots_index":"","footnotes":""},"class_list":["post-1142","page","type-page","status-publish","hentry"],"acf":[],"_links":{"self":[{"href":"https:\/\/uusteenus.njordlaw.ee\/en\/wp-json\/wp\/v2\/pages\/1142","targetHints":{"allow":["GET"]}}],"collection":[{"href":"https:\/\/uusteenus.njordlaw.ee\/en\/wp-json\/wp\/v2\/pages"}],"about":[{"href":"https:\/\/uusteenus.njordlaw.ee\/en\/wp-json\/wp\/v2\/types\/page"}],"author":[{"embeddable":true,"href":"https:\/\/uusteenus.njordlaw.ee\/en\/wp-json\/wp\/v2\/users\/2"}],"replies":[{"embeddable":true,"href":"https:\/\/uusteenus.njordlaw.ee\/en\/wp-json\/wp\/v2\/comments?post=1142"}],"version-history":[{"count":3,"href":"https:\/\/uusteenus.njordlaw.ee\/en\/wp-json\/wp\/v2\/pages\/1142\/revisions"}],"predecessor-version":[{"id":1211,"href":"https:\/\/uusteenus.njordlaw.ee\/en\/wp-json\/wp\/v2\/pages\/1142\/revisions\/1211"}],"wp:attachment":[{"href":"https:\/\/uusteenus.njordlaw.ee\/en\/wp-json\/wp\/v2\/media?parent=1142"}],"curies":[{"name":"wp","href":"https:\/\/api.w.org\/{rel}","templated":true}]}}